{"id":48,"date":"2016-02-12T00:07:10","date_gmt":"2016-02-12T00:07:10","guid":{"rendered":"http:\/\/velo-point.ch\/?page_id=48"},"modified":"2020-05-27T15:02:06","modified_gmt":"2020-05-27T15:02:06","slug":"service","status":"publish","type":"page","link":"https:\/\/staging-n.velo-point.ch\/?page_id=48","title":{"rendered":"Service"},"content":{"rendered":"<p><span style=\"font-size: 14pt;\"><strong>Stundenansatz:&nbsp;&nbsp;&nbsp; Fr. 100.&#8211;<\/strong><\/span><\/p>\n<p><span style=\"font-size: 18pt;\"><strong>Ich repariere und montiere KEINE Billigvelos die im Internet gekauft wurden.<\/strong><\/span><\/p>\n<p><strong><span style=\"font-size: 14pt;\">E-Bikes mit Bosch und Shimano-Motoren werden bei mir repariert.<\/span><\/strong><\/p>\n<p><strong><span style=\"font-size: 14pt;\"> E-Bikes mit anderen Motoren kann ich Leider nicht annehmen.<\/span><\/strong><\/p>\n<p><span style=\"font-size: 14pt;\"><strong>Kleine Checks<\/strong><\/span><\/p>\n<p><span style=\"font-size: 14pt;\">Bremsen einstellen (vorne und hinten)<strong> CHF 20.&#8211;<\/strong><\/span><br \/>\n<span style=\"font-size: 14pt;\"> Schaltung einstellen<strong> CHF 20.&#8211;<\/strong><\/span><br \/>\n<span style=\"font-size: 14pt;\"> Rad zentrieren, pro Rad<strong> CHF 30.&#8211;<\/strong><\/span><br \/>\n<span style=\"font-size: 14pt;\"> Scheibenbremse entl\u00fcften, inkl. BF<strong> CHF 35.\u2014<\/strong><\/span><br \/>\n<span style=\"font-size: 14pt;\"> Reinigung inkl. Antrieb<strong> CHF 80.\u2014<br \/>\n<\/strong>Schalt\/Bremskabel ersetzen je\/f\u00fcr normale aussen verlegte Kabel&nbsp;<strong>CHF 15.&#8211;<\/strong><\/span><br \/>\n<span style=\"font-size: 14pt;\"> Schlauch oder Pneu wechseln<strong> CHF 15.\u2014vorne , CHF 20.&#8211; hinten<\/strong><\/span><\/p>\n<p><span style=\"font-size: 14pt;\"><strong>alle Preise exkl. Material<\/strong><\/span><\/p>\n<p align=\"left\"><span style=\"font-size: 14pt;\"><strong><span class=\"blue\"><span class=\"style19\"><strong>&nbsp;<\/strong><\/span><\/span><\/strong><\/span><\/p>\n<p align=\"left\"><span style=\"font-size: 14pt;\"><strong><span class=\"blue\"><span class=\"style19\"><strong>1. GARANTIE-Service; F\u00fcr Sie kostenlos !<\/strong><\/span><\/span><span class=\"style31\"> (Wert 70.- CHF)<\/span><\/strong><\/span><\/p>\n<p><span class=\"style3\" style=\"font-size: 14pt;\">Der erste Service ist eine Dienstleistung die wir unseren Kunden beim Kauf eines neuen Velo&#8217;s schenken.<br \/>\nDamit die Garantieleistungen vollumf\u00e4nglich in Anspruch genommen werden k\u00f6nnen, m\u00fcssen wir diesen aber innerhalb den ersten 2-3 Monaten nach dem Kauf ausf\u00fchren.<\/span><br \/>\n<span style=\"font-size: 14pt;\"> Sollte vorg\u00e4ngig eine Frage auftreten, bitten wir <span class=\"style3\">Sie<\/span> uns umgehend zu kontaktieren.<\/span><\/p>\n<p align=\"left\"><span style=\"font-size: 14pt;\"><strong>&nbsp;<\/strong><\/span><\/p>\n<p align=\"left\"><span style=\"font-size: 14pt;\"><strong>&nbsp;<\/strong><\/span><\/p>\n<p align=\"left\"><span style=\"font-size: 14pt;\"><strong>Standard &#8211; Service<\/strong><\/span><\/p>\n<p align=\"left\"><span style=\"font-size: 14pt;\">&nbsp;Dieser Service eignet sich f\u00fcr alle Fahrr\u00e4der, die jederzeit zuverl\u00e4ssig funktionieren sollen und dies auch noch \u00fcber Jahre hinweg.<\/span><\/p>\n<p align=\"left\"><span style=\"font-size: 14pt;\">&nbsp;Ausserdem macht ein profesionell gewartetes Fahrrad mehr Freude am Fahren!<\/span><\/p>\n<ul>\n<li><span style=\"font-size: 14pt;\">Speichen nachziehen und R\u00e4der zentrieren<\/span><\/li>\n<li><span style=\"font-size: 14pt;\">Alle Kabelz\u00fcge kontrollieren<\/span><\/li>\n<li><span style=\"font-size: 14pt;\">Reifenzustand kontrollieren<\/span><\/li>\n<li><span style=\"font-size: 14pt;\">Bremsen einstellen<\/span><\/li>\n<li><span style=\"font-size: 14pt;\">Schaltung einstellen<\/span><\/li>\n<li><span style=\"font-size: 14pt;\">Kontrolle der Lichtanlage<\/span><\/li>\n<li><span style=\"font-size: 14pt;\">Alle Lager kontrollieren und einstellen<\/span><\/li>\n<li><span style=\"font-size: 14pt;\">Ausr\u00fcstung auf Verkehrssicherheit pr\u00fcfen<\/span><\/li>\n<li><span style=\"font-size: 14pt;\">S\u00e4mtliche Schrauben nachziehen<\/span><\/li>\n<li><span style=\"font-size: 14pt;\">Probefahrt<\/span><\/li>\n<li><span style=\"font-family: 'arial black', sans-serif;\">E-Bike Diagnose zus\u00e4tzlich Fr. 20.&#8211;<\/span><\/li>\n<li><span style=\"font-size: 14pt;\"><strong>Kosten Fr. 80.&#8211;&nbsp;(ohne Material und allf\u00e4llige Zusatzarbeiten) Reinigung + Fr. 30<\/strong><strong>.&#8211;<\/strong><\/span><\/li>\n<\/ul>\n<p align=\"left\"><span style=\"font-size: 14pt;\"><strong>Grosser &#8211; Service (Revision)<\/strong><\/span><\/p>\n<p align=\"left\"><span style=\"font-size: 14pt;\">&nbsp;Dieser Service eignet sich vor allem f\u00fcr sehr intensiv genutzte, sehr hochwertige Fahrr\u00e4der!<\/span><\/p>\n<ul>\n<li><span style=\"font-size: 14pt;\">Speichen nachziehen und R\u00e4der zentrieren<\/span><\/li>\n<li><span style=\"font-size: 14pt;\">Alle Kabelz\u00fcge kontrollieren<\/span><\/li>\n<li><span style=\"font-size: 14pt;\">Reifenzustand kontrollieren<\/span><\/li>\n<li><span style=\"font-size: 14pt;\">Bremsen einstellen<\/span><\/li>\n<li><span style=\"font-size: 14pt;\">Schaltung einstellen<\/span><\/li>\n<li><span style=\"font-size: 14pt;\">Kontrolle der Lichtanlage<\/span><\/li>\n<li><span style=\"font-size: 14pt;\">Alle Lager&nbsp;<strong>\u00f6ffnen, reinigen und neu schmieren<\/strong><\/span><\/li>\n<li><span style=\"font-size: 14pt;\">Ausr\u00fcstung auf Verkehrssicherheit pr\u00fcfen<\/span><\/li>\n<li><span style=\"font-size: 14pt;\">S\u00e4mtliche Schrauben nachziehen<\/span><\/li>\n<li><span style=\"font-size: 14pt;\">Reinigung von Rahmen, R\u00e4dern, kompletter Antrieb<\/span><\/li>\n<li><span style=\"font-size: 14pt;\">Probefahrt<\/span><\/li>\n<li><span style=\"font-size: 14pt;\"><strong>Kosten Fr. 175.&#8211;&nbsp;(ohne Material und allf\u00e4llige Zusatzarbeiten)<\/strong><\/span><\/li>\n<\/ul>\n<p align=\"left\"><span style=\"font-size: 14pt;\"><strong>Bei allen Service gilt:<\/strong><\/span><\/p>\n<p><span style=\"font-size: 14pt;\">Alle Preise verstehen sich<\/span><\/p>\n<ul>\n<li><span style=\"font-size: 14pt;\">F\u00fcr Fahrr\u00e4der in normalen Betriebszustand<\/span><\/li>\n<li><span style=\"font-size: 14pt;\">Ohne Materialkosten<\/span><\/li>\n<li><span style=\"font-size: 14pt;\">Ohne Zusatzarbeiten<\/span><\/li>\n<\/ul>\n","protected":false},"excerpt":{"rendered":"<p>Stundenansatz:&nbsp;&nbsp;&nbsp; Fr. 100.&#8211; Ich repariere und montiere KEINE Billigvelos die im Internet gekauft wurden. E-Bikes mit Bosch und Shimano-Motoren werden bei mir repariert. E-Bikes mit anderen Motoren kann ich Leider nicht annehmen. Kleine Checks Bremsen einstellen (vorne und hinten) CHF 20.&#8211; Schaltung einstellen CHF 20.&#8211; Rad zentrieren, pro Rad CHF 30.&#8211; Scheibenbremse entl\u00fcften, inkl. BF<\/p>\n<p><a href=\"https:\/\/staging-n.velo-point.ch\/?page_id=48\" class=\"more-link themebutton\">Read More<\/a><\/p>\n","protected":false},"author":1,"featured_media":0,"parent":0,"menu_order":0,"comment_status":"closed","ping_status":"closed","template":"","meta":[],"_links":{"self":[{"href":"https:\/\/staging-n.velo-point.ch\/index.php?rest_route=\/wp\/v2\/pages\/48"}],"collection":[{"href":"https:\/\/staging-n.velo-point.ch\/index.php?rest_route=\/wp\/v2\/pages"}],"about":[{"href":"https:\/\/staging-n.velo-point.ch\/index.php?rest_route=\/wp\/v2\/types\/page"}],"author":[{"embeddable":true,"href":"https:\/\/staging-n.velo-point.ch\/index.php?rest_route=\/wp\/v2\/users\/1"}],"replies":[{"embeddable":true,"href":"https:\/\/staging-n.velo-point.ch\/index.php?rest_route=%2Fwp%2Fv2%2Fcomments&post=48"}],"version-history":[{"count":12,"href":"https:\/\/staging-n.velo-point.ch\/index.php?rest_route=\/wp\/v2\/pages\/48\/revisions"}],"predecessor-version":[{"id":926,"href":"https:\/\/staging-n.velo-point.ch\/index.php?rest_route=\/wp\/v2\/pages\/48\/revisions\/926"}],"wp:attachment":[{"href":"https:\/\/staging-n.velo-point.ch\/index.php?rest_route=%2Fwp%2Fv2%2Fmedia&parent=48"}],"curies":[{"name":"wp","href":"https:\/\/api.w.org\/{rel}","templated":true}]}}